{"id":724,"date":"2024-03-01T13:49:49","date_gmt":"2024-03-01T19:49:49","guid":{"rendered":"https:\/\/nutrimentalbg.com\/?page_id=724"},"modified":"2024-03-20T08:21:52","modified_gmt":"2024-03-20T14:21:52","slug":"servicios","status":"publish","type":"page","link":"https:\/\/nutrimentalbg.com\/index.php\/servicios\/","title":{"rendered":"Servicios"},"content":{"rendered":"\n<div class=\"wp-block-stackable-separator alignfull stk-block-separator stk--no-padding stk-block stk-847a137\" data-block-id=\"847a137\"><style>.stk-847a137{border-top-left-radius:44px !important;border-top-right-radius:44px !important;border-bottom-right-radius:44px !important;border-bottom-left-radius:44px !important;overflow:hidden !important;box-shadow:none !important}.stk-847a137 .stk-block-separator__inner{height:84px !important}<\/style><div class=\"stk-block-separator__inner\"><svg xmlns=\"http:\/\/www.w3.org\/2000\/svg\" viewBox=\"0 0 1600 200\" class=\"stk-separator__layer-1\" preserveAspectRatio=\"none\" aria-hidden=\"true\"><path class=\"rounded-2_svg__st2\" d=\"M1609.5 133.2h-9.5c0-10.9-8.9-19.8-19.8-19.8H19.8C8.9 113.3 0 122.2 0 133.2l-10-.2v77h1619.5v-76.8z\"><\/path><\/svg><\/div><\/div>\n\n\n\n<div class=\"wp-block-stackable-heading stk-block-heading stk-block-heading--v2 stk-block stk-90ddeda\" id=\"span-style-color-777676-class-stk-highlight-servicios-profesionales-y-personalizados-de-orientacion-psicologica-y-nutricional-span\" data-block-id=\"90ddeda\"><style>.stk-90ddeda .stk-block-heading__text{text-shadow:6px 6px 4px rgba(120,120,120,0.2) !important;line-height:1.3em !important;font-style:italic !important}<\/style><h2 class=\"stk-block-heading__text stk-block-heading--use-theme-margins\"><span style=\"color: #777676;\" class=\"stk-highlight\">Servicios profesionales y personalizados de orientaci\u00f3n psicol\u00f3gica y nutricional<\/span><\/h2><\/div>\n\n\n\n<div class=\"wp-block-stackable-heading stk-block-heading stk-block-heading--v2 stk-block stk-b2e0404\" id=\"bienvenido-a-nutrimental\" data-block-id=\"b2e0404\"><h2 class=\"stk-block-heading__text\">\u00a1Bienvenido a Nutrimental!<\/h2><\/div>\n\n\n\n<div class=\"wp-block-stackable-columns stk-block-columns stk-block stk-7161383\" data-block-id=\"7161383\"><div class=\"stk-row stk-inner-blocks stk-block-content stk-content-align stk-7161383-column\">\n<div class=\"wp-block-stackable-column stk-block-column stk-column stk-block stk-a84c945\" data-v=\"4\" data-block-id=\"a84c945\"><div class=\"stk-column-wrapper stk-block-column__content stk-container stk-a84c945-container stk--no-background stk--no-padding\"><div class=\"stk-block-content stk-inner-blocks stk-a84c945-inner-blocks\">\n<div class=\"wp-block-stackable-text stk-block-text stk-block stk-921a29a stk-block-background\" data-block-id=\"921a29a\"><style>.stk-921a29a{background-color:var(--theme-palette-color-8,#ffffff) !important;border-top-left-radius:26px !important;border-top-right-radius:26px !important;border-bottom-right-radius:26px !important;border-bottom-left-radius:26px !important;overflow:hidden !important;box-shadow:0 5px 30px -10px rgba(18,63,82,0.3) !important}.stk-921a29a:before{background-color:var(--theme-palette-color-8,#ffffff) !important}.stk-921a29a .stk-block-text__text{text-shadow:6px 6px 4px rgba(120,120,120,0.2) !important}<\/style><p class=\"stk-block-text__text\"> Aqu\u00ed, nos dedicamos a impulsarte hacia la versi\u00f3n m\u00e1s feliz y saludable de ti misma, ofreci\u00e9ndote un enfoque integrado y personalizado en terapia psicol\u00f3gica y nutricional. Descubre nuestros tres consultorios, dise\u00f1ados espec\u00edficamente para atender tus necesidades:<\/p><\/div>\n<\/div><\/div><\/div>\n<\/div><\/div>\n\n\n\n<div class=\"wp-block-stackable-columns stk-block-columns stk-block stk-483b8ec\" data-block-id=\"483b8ec\"><div class=\"stk-row stk-inner-blocks stk-block-content stk-content-align stk-483b8ec-column\">\n<div class=\"wp-block-stackable-column stk-block-column stk-column stk-block stk-e48128d\" data-v=\"4\" data-block-id=\"e48128d\"><div class=\"stk-column-wrapper stk-block-column__content stk-container stk-e48128d-container stk--no-background stk--no-padding\"><div class=\"stk-block-content stk-inner-blocks stk-e48128d-inner-blocks\">\n<div class=\"wp-block-stackable-call-to-action stk-block-call-to-action stk-block stk-396d409 is-style-default\" data-v=\"2\" data-block-id=\"396d409\"><style>.stk-396d409{border-top-left-radius:30px !important;border-top-right-radius:30px !important;border-bottom-right-radius:30px !important;border-bottom-left-radius:30px !important;overflow:hidden !important;box-shadow:0px 10px 60px rgba(0,0,0,0.1) !important}.stk-396d409-container{background-color:linear-gradient(8deg,rgba(242,169,34,0.54) 0%,rgb(255,255,255) 56%) !important}.stk-396d409-container:before{background-color:linear-gradient(8deg,rgba(242,169,34,0.54) 0%,rgb(255,255,255) 56%) !important}<\/style><div class=\"stk-block-call-to-action__content stk-content-align stk-396d409-column stk-container stk-396d409-container stk-hover-parent\"><div class=\"has-text-align-center stk-block-content stk-inner-blocks stk-396d409-inner-blocks\">\n<div class=\"wp-block-stackable-heading stk-block-heading stk-block-heading--v2 stk-block stk-0e4a106\" id=\"strong-consultorio-integral-strong\" data-block-id=\"0e4a106\"><h3 class=\"stk-block-heading__text\"><strong>Consultorio Integral<\/strong><\/h3><\/div>\n\n\n\n<div class=\"wp-block-stackable-text stk-block-text stk-block stk-8521058\" data-block-id=\"8521058\"><p class=\"stk-block-text__text\">Experimenta un enfoque hol\u00edstico donde la salud mental y nutricional se unen para guiarte hacia tus metas. Con atenci\u00f3n especializada en ambos campos, aseguramos un acompa\u00f1amiento completo en tu camino hacia el bienestar.<\/p><\/div>\n\n\n\n<div class=\"wp-block-stackable-button-group stk-block-button-group stk-block stk-06da1f4\" data-block-id=\"06da1f4\"><div class=\"stk-row stk-inner-blocks stk-block-content stk-button-group\">\n<div class=\"wp-block-stackable-button stk-block-button stk-block stk-e852630\" data-block-id=\"e852630\"><style>.stk-e852630 .stk-button{background:var(--theme-palette-color-3,#f3b95b) !important}<\/style><a class=\"stk-link stk-button stk--hover-effect-darken\" href=\"https:\/\/nutrimentalbg.com\/index.php\/consultorio-integral\/\" title=\"Consultorio Integral\"><span class=\"stk-button__inner-text\">Precios y planes<\/span><\/a><\/div>\n<\/div><\/div>\n<\/div><\/div><\/div>\n<\/div><\/div><\/div>\n\n\n\n<div class=\"wp-block-stackable-column stk-block-column stk-column stk-block stk-70b282e\" data-v=\"4\" data-block-id=\"70b282e\"><div class=\"stk-column-wrapper stk-block-column__content stk-container stk-70b282e-container stk--no-background stk--no-padding\"><div class=\"stk-block-content stk-inner-blocks stk-70b282e-inner-blocks\">\n<div class=\"wp-block-stackable-call-to-action stk-block-call-to-action stk-block stk-451b0b7 is-style-default\" data-v=\"2\" data-block-id=\"451b0b7\"><style>.stk-451b0b7{border-top-left-radius:30px !important;border-top-right-radius:30px !important;border-bottom-right-radius:30px !important;border-bottom-left-radius:30px !important;overflow:hidden !important;box-shadow:7px 5px 30px rgba(72,73,121,0.15) !important}.stk-451b0b7-container{background-color:linear-gradient(14deg,rgb(218,234,220) 0%,rgb(249,249,249) 38%) !important}.stk-451b0b7-container:before{background-color:linear-gradient(14deg,rgb(218,234,220) 0%,rgb(249,249,249) 38%) !important}<\/style><div class=\"stk-block-call-to-action__content stk-content-align stk-451b0b7-column stk-container stk-451b0b7-container stk-hover-parent\"><div class=\"has-text-align-center stk-block-content stk-inner-blocks stk-451b0b7-inner-blocks\">\n<div class=\"wp-block-stackable-heading stk-block-heading stk-block-heading--v2 stk-block stk-a6fc61f\" id=\"strong-consultorio-psicologico-strong\" data-block-id=\"a6fc61f\"><h3 class=\"stk-block-heading__text\"><strong>Consultorio Psicol\u00f3gico<\/strong><\/h3><\/div>\n\n\n\n<div class=\"wp-block-stackable-text stk-block-text stk-block stk-e888ce0\" data-block-id=\"e888ce0\"><style>.stk-e888ce0{box-shadow:none !important}<\/style><p class=\"stk-block-text__text\">Encuentra un refugio centrado en tu salud mental, donde la orientaci\u00f3n y el apoyo est\u00e1n completamente focalizados en tu bienestar emocional y psicol\u00f3gico.<\/p><\/div>\n\n\n\n<div class=\"wp-block-stackable-button-group stk-block-button-group stk-block stk-684b2fb\" data-block-id=\"684b2fb\"><div class=\"stk-row stk-inner-blocks stk-block-content stk-button-group\">\n<div class=\"wp-block-stackable-button stk-block-button stk-block stk-71dc688\" data-block-id=\"71dc688\"><style>.stk-71dc688 .stk-button{background:var(--theme-palette-color-3,#f3b95b) !important}<\/style><a class=\"stk-link stk-button stk--hover-effect-darken\" href=\"https:\/\/nutrimentalbg.com\/index.php\/consultorio-psicologico\/\" rel=\"Consultorio psicol\u00f3gico\"><span class=\"stk-button__inner-text\">Precios y planes<\/span><\/a><\/div>\n<\/div><\/div>\n<\/div><\/div><\/div>\n<\/div><\/div><\/div>\n\n\n\n<div class=\"wp-block-stackable-column stk-block-column stk-column stk-block stk-ac7b32d\" data-v=\"4\" data-block-id=\"ac7b32d\"><div class=\"stk-column-wrapper stk-block-column__content stk-container stk-ac7b32d-container stk--no-background stk--no-padding\"><div class=\"stk-block-content stk-inner-blocks stk-ac7b32d-inner-blocks\">\n<div class=\"wp-block-stackable-call-to-action stk-block-call-to-action stk-block stk-a7a5912 is-style-default\" data-v=\"2\" data-block-id=\"a7a5912\"><style>.stk-a7a5912{border-top-left-radius:30px !important;border-top-right-radius:30px !important;border-bottom-right-radius:30px !important;border-bottom-left-radius:30px !important;overflow:hidden !important;box-shadow:7px 5px 30px rgba(72,73,121,0.15) !important}.stk-a7a5912-container{background-color:linear-gradient(4deg,rgb(255,225,170) 0%,rgb(255,255,255) 35%) !important}.stk-a7a5912-container:before{background-color:linear-gradient(4deg,rgb(255,225,170) 0%,rgb(255,255,255) 35%) !important}<\/style><div class=\"stk-block-call-to-action__content stk-content-align stk-a7a5912-column stk-container stk-a7a5912-container stk-hover-parent\"><div class=\"has-text-align-center stk-block-content stk-inner-blocks stk-a7a5912-inner-blocks\">\n<div class=\"wp-block-stackable-heading stk-block-heading stk-block-heading--v2 stk-block stk-e2e9a14\" id=\"strong-consultorio-nutricional-strong\" data-block-id=\"e2e9a14\"><h3 class=\"stk-block-heading__text\"><strong>Consultorio Nutricional<\/strong><\/h3><\/div>\n\n\n\n<div class=\"wp-block-stackable-text stk-block-text stk-block stk-feed7b7\" data-block-id=\"feed7b7\"><p class=\"stk-block-text__text\">Transforma tu relaci\u00f3n con la alimentaci\u00f3n y tu cuerpo, recibiendo asesor\u00eda nutricional que te motivar\u00e1 a adoptar h\u00e1bitos saludables y a alcanzar tu bienestar f\u00edsico.<\/p><\/div>\n\n\n\n<div class=\"wp-block-stackable-button-group stk-block-button-group stk-block stk-a8e0988\" data-block-id=\"a8e0988\"><div class=\"stk-row stk-inner-blocks stk-block-content stk-button-group\">\n<div class=\"wp-block-stackable-button stk-block-button stk-block stk-6a8af29\" data-block-id=\"6a8af29\"><style>.stk-6a8af29 .stk-button{background:var(--theme-palette-color-3,#f3b95b) !important}<\/style><a class=\"stk-link stk-button stk--hover-effect-darken\" href=\"\"><span class=\"stk-button__inner-text\">Precios y planes<\/span><\/a><\/div>\n<\/div><\/div>\n<\/div><\/div><\/div>\n<\/div><\/div><\/div>\n<\/div><\/div>\n\n\n\n<div class=\"wp-block-stackable-heading stk-block-heading stk-block-heading--v2 stk-block stk-8a5a81a\" data-block-id=\"8a5a81a\"><h2 class=\"stk-block-heading__text\"><\/h2><\/div>\n\n\n\n<div class=\"wp-block-stackable-divider stk-block-divider stk-block stk-bbd2ca8\" data-block-id=\"bbd2ca8\"><hr class=\"stk-block-divider__hr\"\/><\/div>\n\n\n\n<div class=\"wp-block-stackable-spacer stk-block-spacer stk--no-padding stk-block stk-576b0cc\" data-block-id=\"576b0cc\"><\/div>\n","protected":false},"excerpt":{"rendered":"<p>Servicios profesionales y personalizados de orientaci\u00f3n psicol\u00f3gica y nutricional \u00a1Bienvenido a Nutrimental! Aqu\u00ed, nos dedicamos a impulsarte hacia la versi\u00f3n m\u00e1s feliz y saludable de ti misma, ofreci\u00e9ndote un enfoque integrado y personalizado en terapia psicol\u00f3gica y nutricional. Descubre nuestros tres consultorios, dise\u00f1ados espec\u00edficamente para atender tus necesidades: Consultorio Integral Experimenta un enfoque hol\u00edstico donde [&hellip;]<\/p>\n","protected":false},"author":1,"featured_media":0,"parent":0,"menu_order":0,"comment_status":"closed","ping_status":"closed","template":"","meta":{"om_disable_all_campaigns":false,"_monsterinsights_skip_tracking":false,"_monsterinsights_sitenote_active":false,"_monsterinsights_sitenote_note":"","_monsterinsights_sitenote_category":0,"footnotes":""},"blocksy_meta":[],"aioseo_notices":[],"_links":{"self":[{"href":"https:\/\/nutrimentalbg.com\/index.php\/wp-json\/wp\/v2\/pages\/724"}],"collection":[{"href":"https:\/\/nutrimentalbg.com\/index.php\/wp-json\/wp\/v2\/pages"}],"about":[{"href":"https:\/\/nutrimentalbg.com\/index.php\/wp-json\/wp\/v2\/types\/page"}],"author":[{"embeddable":true,"href":"https:\/\/nutrimentalbg.com\/index.php\/wp-json\/wp\/v2\/users\/1"}],"replies":[{"embeddable":true,"href":"https:\/\/nutrimentalbg.com\/index.php\/wp-json\/wp\/v2\/comments?post=724"}],"version-history":[{"count":12,"href":"https:\/\/nutrimentalbg.com\/index.php\/wp-json\/wp\/v2\/pages\/724\/revisions"}],"predecessor-version":[{"id":827,"href":"https:\/\/nutrimentalbg.com\/index.php\/wp-json\/wp\/v2\/pages\/724\/revisions\/827"}],"wp:attachment":[{"href":"https:\/\/nutrimentalbg.com\/index.php\/wp-json\/wp\/v2\/media?parent=724"}],"curies":[{"name":"wp","href":"https:\/\/api.w.org\/{rel}","templated":true}]}}